{"id":78957,"date":"2019-06-24T11:22:33","date_gmt":"2019-06-24T09:22:33","guid":{"rendered":"https:\/\/all4camper.com\/\/?page_id=78957"},"modified":"2019-06-26T15:07:28","modified_gmt":"2019-06-26T13:07:28","slug":"chci-prispet","status":"publish","type":"page","link":"https:\/\/all4camper.com\/cs\/chci-prispet\/","title":{"rendered":"Chci p\u0159isp\u011bt"},"content":{"rendered":"\n<h2>L\u00edbil se v\u00e1m \u010dl\u00e1nek? <\/h2>\n<h4>Pozv\u011bte m\u011b na virtu\u00e1ln\u00ed k\u00e1vu. D\u00edky n\u00ed se nejen budu moci zase p\u0159ibl\u00ed\u017eit sv\u00e9mu snu, o kter\u00e9m si m\u016f\u017eete p\u0159e\u010d\u00edst v m\u00e9m p\u0159\u00edb\u011bhu, ale tak\u00e9 v\u00e1m p\u0159in\u00e1\u0161et je\u0161t\u011b v\u00edc takov\u00e9ho \u010dten\u00ed. D\u011bkuji!<\/h4> \n <em>Dobrovoln\u00e1 platba za slu\u017eby a \u010dl\u00e1nky port\u00e1lu all4camper.com <\/em> \n<p><\/p>\n\n\n\n\n\n<span class=\"wp-block-button is-style-outline\"><a class=\"wp-block-button__link\" href=\"https:\/\/www.pays.cz\/paymentlink?all4camper50\" target=\"_blank\" rel=\"noopener noreferrer\"><i class=\"fa fa-coffee\"> Mal\u00e1 za 50,-<\/i><\/a><\/span>\n\n\n\n<span class=\"wp-block-button is-style-outline\"><a class=\"wp-block-button__link\" href=\"https:\/\/www.pays.cz\/paymentlink?all4camper100\" target=\"_blank\" rel=\"noopener noreferrer\"><i class=\"fa fa-coffee\"> St\u0159edn\u00ed za 100,-<\/i><\/a><\/span>\n\n\n\n<span class=\"wp-block-button is-style-outline\"><a class=\"wp-block-button__link\" href=\"https:\/\/www.pays.cz\/paymentlink?all4camper200\" target=\"_blank\" rel=\"noopener noreferrer\"><i class=\"fa fa-coffee\"> Velk\u00e1 za 200,-<\/i><\/a><\/span>\n\n\n\n<figure class=\"wp-block-image\"><img loading=\"lazy\" decoding=\"async\" width=\"1200\" height=\"799\" src=\"https:\/\/all4camper.com\/\/wp-content\/uploads\/2019\/06\/klara-hajek-velinska_2.jpg\" alt=\"\" class=\"wp-image-79034\" srcset=\"https:\/\/all4camper.com\/wp-content\/uploads\/2019\/06\/klara-hajek-velinska_2.jpg 1200w, https:\/\/all4camper.com\/wp-content\/uploads\/2019\/06\/klara-hajek-velinska_2-150x100.jpg 150w, https:\/\/all4camper.com\/wp-content\/uploads\/2019\/06\/klara-hajek-velinska_2-300x200.jpg 300w, https:\/\/all4camper.com\/wp-content\/uploads\/2019\/06\/klara-hajek-velinska_2-768x511.jpg 768w\" sizes=\"auto, (max-width: 1200px) 100vw, 1200px\" \/><\/figure>\n","protected":false},"excerpt":{"rendered":"<p>L\u00edbil se v\u00e1m \u010dl\u00e1nek? Pozv\u011bte m\u011b na virtu\u00e1ln\u00ed k\u00e1vu. D\u00edky n\u00ed se nejen budu moci zase p\u0159ibl\u00ed\u017eit sv\u00e9mu snu, o kter\u00e9m si m\u016f\u017eete p\u0159e\u010d\u00edst v m\u00e9m p\u0159\u00edb\u011bhu, ale tak\u00e9 v\u00e1m p\u0159in\u00e1\u0161et je\u0161t\u011b v\u00edc takov\u00e9ho \u010dten\u00ed. D\u011bkuji! Dobrovoln\u00e1 platba za slu\u017eby a \u010dl\u00e1nky port\u00e1lu all4camper.com Mal\u00e1 za 50,- St\u0159edn\u00ed za 100,- Velk\u00e1 za 200,-<\/p>\n","protected":false},"author":1,"featured_media":0,"parent":0,"menu_order":0,"comment_status":"closed","ping_status":"closed","template":"","meta":{"_monsterinsights_skip_tracking":false,"_monsterinsights_sitenote_active":false,"_monsterinsights_sitenote_note":"","_monsterinsights_sitenote_category":0,"footnotes":""},"class_list":["post-78957","page","type-page","status-publish"],"yoast_head":"<!-- This site is optimized with the Yoast SEO plugin v27.3 - https:\/\/yoast.com\/product\/yoast-seo-wordpress\/ -->\n<title>Chci p\u0159isp\u011bt - All4Camper<\/title>\n<meta name=\"robots\" content=\"index, follow, max-snippet:-1, max-image-preview:large, max-video-preview:-1\" \/>\n<link rel=\"canonical\" href=\"https:\/\/all4camper.com\/cs\/chci-prispet\/\" \/>\n<meta property=\"og:locale\" content=\"cs_CZ\" \/>\n<meta property=\"og:type\" content=\"article\" \/>\n<meta property=\"og:title\" content=\"Chci p\u0159isp\u011bt - All4Camper\" \/>\n<meta property=\"og:description\" content=\"L\u00edbil se v\u00e1m \u010dl\u00e1nek? Pozv\u011bte m\u011b na virtu\u00e1ln\u00ed k\u00e1vu. D\u00edky n\u00ed se nejen budu moci zase p\u0159ibl\u00ed\u017eit sv\u00e9mu snu, o kter\u00e9m si m\u016f\u017eete p\u0159e\u010d\u00edst v m\u00e9m p\u0159\u00edb\u011bhu, ale tak\u00e9 v\u00e1m p\u0159in\u00e1\u0161et je\u0161t\u011b v\u00edc takov\u00e9ho \u010dten\u00ed. D\u011bkuji! Dobrovoln\u00e1 platba za slu\u017eby a \u010dl\u00e1nky port\u00e1lu all4camper.com Mal\u00e1 za 50,- St\u0159edn\u00ed za 100,- Velk\u00e1 za 200,-\" \/>\n<meta property=\"og:url\" content=\"https:\/\/all4camper.com\/cs\/chci-prispet\/\" \/>\n<meta property=\"og:site_name\" content=\"All4Camper\" \/>\n<meta property=\"article:modified_time\" content=\"2019-06-26T13:07:28+00:00\" \/>\n<meta property=\"og:image\" content=\"https:\/\/all4camper.com\/\/wp-content\/uploads\/2019\/06\/klara-hajek-velinska_2.jpg\" \/>\n<meta name=\"twitter:card\" content=\"summary_large_image\" \/>\n<script type=\"application\/ld+json\" class=\"yoast-schema-graph\">{\"@context\":\"https:\\\/\\\/schema.org\",\"@graph\":[{\"@type\":\"WebPage\",\"@id\":\"https:\\\/\\\/all4camper.com\\\/cs\\\/chci-prispet\\\/\",\"url\":\"https:\\\/\\\/all4camper.com\\\/cs\\\/chci-prispet\\\/\",\"name\":\"Chci p\u0159isp\u011bt - All4Camper\",\"isPartOf\":{\"@id\":\"https:\\\/\\\/all4camper.com\\\/cs\\\/#website\"},\"primaryImageOfPage\":{\"@id\":\"https:\\\/\\\/all4camper.com\\\/cs\\\/chci-prispet\\\/#primaryimage\"},\"image\":{\"@id\":\"https:\\\/\\\/all4camper.com\\\/cs\\\/chci-prispet\\\/#primaryimage\"},\"thumbnailUrl\":\"https:\\\/\\\/all4camper.com\\\/\\\/wp-content\\\/uploads\\\/2019\\\/06\\\/klara-hajek-velinska_2.jpg\",\"datePublished\":\"2019-06-24T09:22:33+00:00\",\"dateModified\":\"2019-06-26T13:07:28+00:00\",\"breadcrumb\":{\"@id\":\"https:\\\/\\\/all4camper.com\\\/cs\\\/chci-prispet\\\/#breadcrumb\"},\"inLanguage\":\"cs\",\"potentialAction\":[{\"@type\":\"ReadAction\",\"target\":[\"https:\\\/\\\/all4camper.com\\\/cs\\\/chci-prispet\\\/\"]}]},{\"@type\":\"ImageObject\",\"inLanguage\":\"cs\",\"@id\":\"https:\\\/\\\/all4camper.com\\\/cs\\\/chci-prispet\\\/#primaryimage\",\"url\":\"https:\\\/\\\/all4camper.com\\\/\\\/wp-content\\\/uploads\\\/2019\\\/06\\\/klara-hajek-velinska_2.jpg\",\"contentUrl\":\"https:\\\/\\\/all4camper.com\\\/\\\/wp-content\\\/uploads\\\/2019\\\/06\\\/klara-hajek-velinska_2.jpg\"},{\"@type\":\"BreadcrumbList\",\"@id\":\"https:\\\/\\\/all4camper.com\\\/cs\\\/chci-prispet\\\/#breadcrumb\",\"itemListElement\":[{\"@type\":\"ListItem\",\"position\":1,\"name\":\"Dom\u016f\",\"item\":\"https:\\\/\\\/all4camper.com\\\/cs\\\/\"},{\"@type\":\"ListItem\",\"position\":2,\"name\":\"Chci p\u0159isp\u011bt\"}]},{\"@type\":\"WebSite\",\"@id\":\"https:\\\/\\\/all4camper.com\\\/cs\\\/#website\",\"url\":\"https:\\\/\\\/all4camper.com\\\/cs\\\/\",\"name\":\"All4Camper\",\"description\":\"Nejv\u011bt\u0161\u00ed online magaz\u00edn o kempov\u00e1n\u00ed a karavaninku. V\u00edce jak 900 \u010dl\u00e1nk\u016f pln\u00fdch rad a tip\u016f o kempech a kempov\u00e1n\u00ed.\",\"publisher\":{\"@id\":\"https:\\\/\\\/all4camper.com\\\/cs\\\/#organization\"},\"potentialAction\":[{\"@type\":\"SearchAction\",\"target\":{\"@type\":\"EntryPoint\",\"urlTemplate\":\"https:\\\/\\\/all4camper.com\\\/cs\\\/?s={search_term_string}\"},\"query-input\":{\"@type\":\"PropertyValueSpecification\",\"valueRequired\":true,\"valueName\":\"search_term_string\"}}],\"inLanguage\":\"cs\"},{\"@type\":\"Organization\",\"@id\":\"https:\\\/\\\/all4camper.com\\\/cs\\\/#organization\",\"name\":\"All4Camper - kempujeme s Kl\u00e1rou\",\"url\":\"https:\\\/\\\/all4camper.com\\\/cs\\\/\",\"logo\":{\"@type\":\"ImageObject\",\"inLanguage\":\"cs\",\"@id\":\"https:\\\/\\\/all4camper.com\\\/cs\\\/#\\\/schema\\\/logo\\\/image\\\/\",\"url\":\"https:\\\/\\\/all4camper.com\\\/wp-content\\\/uploads\\\/2018\\\/09\\\/novelogo.png\",\"contentUrl\":\"https:\\\/\\\/all4camper.com\\\/wp-content\\\/uploads\\\/2018\\\/09\\\/novelogo.png\",\"width\":1520,\"height\":600,\"caption\":\"All4Camper - kempujeme s Kl\u00e1rou\"},\"image\":{\"@id\":\"https:\\\/\\\/all4camper.com\\\/cs\\\/#\\\/schema\\\/logo\\\/image\\\/\"}}]}<\/script>\n<!-- \/ Yoast SEO plugin. -->","yoast_head_json":{"title":"Chci p\u0159isp\u011bt - All4Camper","robots":{"index":"index","follow":"follow","max-snippet":"max-snippet:-1","max-image-preview":"max-image-preview:large","max-video-preview":"max-video-preview:-1"},"canonical":"https:\/\/all4camper.com\/cs\/chci-prispet\/","og_locale":"cs_CZ","og_type":"article","og_title":"Chci p\u0159isp\u011bt - All4Camper","og_description":"L\u00edbil se v\u00e1m \u010dl\u00e1nek? Pozv\u011bte m\u011b na virtu\u00e1ln\u00ed k\u00e1vu. D\u00edky n\u00ed se nejen budu moci zase p\u0159ibl\u00ed\u017eit sv\u00e9mu snu, o kter\u00e9m si m\u016f\u017eete p\u0159e\u010d\u00edst v m\u00e9m p\u0159\u00edb\u011bhu, ale tak\u00e9 v\u00e1m p\u0159in\u00e1\u0161et je\u0161t\u011b v\u00edc takov\u00e9ho \u010dten\u00ed. D\u011bkuji! Dobrovoln\u00e1 platba za slu\u017eby a \u010dl\u00e1nky port\u00e1lu all4camper.com Mal\u00e1 za 50,- St\u0159edn\u00ed za 100,- Velk\u00e1 za 200,-","og_url":"https:\/\/all4camper.com\/cs\/chci-prispet\/","og_site_name":"All4Camper","article_modified_time":"2019-06-26T13:07:28+00:00","og_image":[{"url":"https:\/\/all4camper.com\/\/wp-content\/uploads\/2019\/06\/klara-hajek-velinska_2.jpg","type":"","width":"","height":""}],"twitter_card":"summary_large_image","schema":{"@context":"https:\/\/schema.org","@graph":[{"@type":"WebPage","@id":"https:\/\/all4camper.com\/cs\/chci-prispet\/","url":"https:\/\/all4camper.com\/cs\/chci-prispet\/","name":"Chci p\u0159isp\u011bt - All4Camper","isPartOf":{"@id":"https:\/\/all4camper.com\/cs\/#website"},"primaryImageOfPage":{"@id":"https:\/\/all4camper.com\/cs\/chci-prispet\/#primaryimage"},"image":{"@id":"https:\/\/all4camper.com\/cs\/chci-prispet\/#primaryimage"},"thumbnailUrl":"https:\/\/all4camper.com\/\/wp-content\/uploads\/2019\/06\/klara-hajek-velinska_2.jpg","datePublished":"2019-06-24T09:22:33+00:00","dateModified":"2019-06-26T13:07:28+00:00","breadcrumb":{"@id":"https:\/\/all4camper.com\/cs\/chci-prispet\/#breadcrumb"},"inLanguage":"cs","potentialAction":[{"@type":"ReadAction","target":["https:\/\/all4camper.com\/cs\/chci-prispet\/"]}]},{"@type":"ImageObject","inLanguage":"cs","@id":"https:\/\/all4camper.com\/cs\/chci-prispet\/#primaryimage","url":"https:\/\/all4camper.com\/\/wp-content\/uploads\/2019\/06\/klara-hajek-velinska_2.jpg","contentUrl":"https:\/\/all4camper.com\/\/wp-content\/uploads\/2019\/06\/klara-hajek-velinska_2.jpg"},{"@type":"BreadcrumbList","@id":"https:\/\/all4camper.com\/cs\/chci-prispet\/#breadcrumb","itemListElement":[{"@type":"ListItem","position":1,"name":"Dom\u016f","item":"https:\/\/all4camper.com\/cs\/"},{"@type":"ListItem","position":2,"name":"Chci p\u0159isp\u011bt"}]},{"@type":"WebSite","@id":"https:\/\/all4camper.com\/cs\/#website","url":"https:\/\/all4camper.com\/cs\/","name":"All4Camper","description":"Nejv\u011bt\u0161\u00ed online magaz\u00edn o kempov\u00e1n\u00ed a karavaninku. V\u00edce jak 900 \u010dl\u00e1nk\u016f pln\u00fdch rad a tip\u016f o kempech a kempov\u00e1n\u00ed.","publisher":{"@id":"https:\/\/all4camper.com\/cs\/#organization"},"potentialAction":[{"@type":"SearchAction","target":{"@type":"EntryPoint","urlTemplate":"https:\/\/all4camper.com\/cs\/?s={search_term_string}"},"query-input":{"@type":"PropertyValueSpecification","valueRequired":true,"valueName":"search_term_string"}}],"inLanguage":"cs"},{"@type":"Organization","@id":"https:\/\/all4camper.com\/cs\/#organization","name":"All4Camper - kempujeme s Kl\u00e1rou","url":"https:\/\/all4camper.com\/cs\/","logo":{"@type":"ImageObject","inLanguage":"cs","@id":"https:\/\/all4camper.com\/cs\/#\/schema\/logo\/image\/","url":"https:\/\/all4camper.com\/wp-content\/uploads\/2018\/09\/novelogo.png","contentUrl":"https:\/\/all4camper.com\/wp-content\/uploads\/2018\/09\/novelogo.png","width":1520,"height":600,"caption":"All4Camper - kempujeme s Kl\u00e1rou"},"image":{"@id":"https:\/\/all4camper.com\/cs\/#\/schema\/logo\/image\/"}}]}},"_links":{"self":[{"href":"https:\/\/all4camper.com\/cs\/wp-json\/wp\/v2\/pages\/78957","targetHints":{"allow":["GET"]}}],"collection":[{"href":"https:\/\/all4camper.com\/cs\/wp-json\/wp\/v2\/pages"}],"about":[{"href":"https:\/\/all4camper.com\/cs\/wp-json\/wp\/v2\/types\/page"}],"author":[{"embeddable":true,"href":"https:\/\/all4camper.com\/cs\/wp-json\/wp\/v2\/users\/1"}],"replies":[{"embeddable":true,"href":"https:\/\/all4camper.com\/cs\/wp-json\/wp\/v2\/comments?post=78957"}],"version-history":[{"count":0,"href":"https:\/\/all4camper.com\/cs\/wp-json\/wp\/v2\/pages\/78957\/revisions"}],"wp:attachment":[{"href":"https:\/\/all4camper.com\/cs\/wp-json\/wp\/v2\/media?parent=78957"}],"curies":[{"name":"wp","href":"https:\/\/api.w.org\/{rel}","templated":true}]}}